{"id":2976,"date":"2021-02-05T09:48:05","date_gmt":"2021-02-05T09:48:05","guid":{"rendered":"http:\/\/mazowiecka.iarp.pl\/?page_id=2976"},"modified":"2026-03-01T21:35:10","modified_gmt":"2026-03-01T21:35:10","slug":"pozwolenie-na-budowe-w-warszawie","status":"publish","type":"page","link":"https:\/\/mazowiecka.iarp.pl\/?page_id=2976","title":{"rendered":"POZWOLENIE NA BUDOW\u0118 W WARSZAWIE"},"content":{"rendered":"\r\n<p>&nbsp;<\/p>\r\n<h3>Wskaz\u00f3wki dotycz\u0105 wniosku i zawarto\u015bci element\u00f3w projektu budowlanego sk\u0142adanego do organ\u00f3w administracji architektoniczno-budowlanej w celu uzyskania pozwolenia na budow\u0119.<\/h3>\r\n<p>Lista w oparciu o przepisy Rozporz\u0105dzenia Ministra Rozwoju z dnia 11 wrze\u015bnia 2020 r. w sprawie szczeg\u00f3\u0142owego zakresu i formy projektu budowlanego (Dz. U. z 2020 poz. 1609 z p\u00f3\u017an. zm.) oraz ustawy Prawo budowlane z dnia 7 lipca 1994 r. (Dz. U. z 2021 r. poz. 2351 z p\u00f3\u017an. zm.).<\/p>\r\n<p><a href=\"https:\/\/mazowiecka.iarp.pl\/wp-content\/uploads\/2023\/05\/MAOIA_warszawskie-pozwolenia-na-budowe-wskazowki.pdf\">MAOIA_warszawskie pozwolenia na budow\u0119 wskaz\u00f3wki<\/a><\/p>\r\n<p>&nbsp;<\/p>\r\n<p>Uwaga!<\/p>\r\n<p>Poni\u017cej WSKAZ\u00d3WKI dotycz\u0105ce przepis\u00f3w przej\u015bciowych do dnia 19 wrze\u015bnia 2021 roku oraz INSTRUKCJA, kt\u00f3rej uwa\u017cne przeczytanie bardzo polecamy.<\/p>\r\n<p>&nbsp;<\/p>\r\n<p>&nbsp;<\/p>\r\n<p><strong>INSTRUKCJA\u00a0OBS\u0141UGI WSKAZ\u00d3WEK DLA WNIOSKODAWC\u00d3W I ARCHITEKT\u00d3W SK\u0141ADAJ\u0104CYCH WNIOSKI W WYDZIA\u0141ACH ARCHITEKTURY I BUDOWNICTWA URZ\u0118D\u00d3W MIASTA STO\u0141ECZNEGO WARSZAWY<\/strong><\/p>\r\n\r\n\r\n\r\n<p>Dokument jest przygotowany na podstawie ustawy Prawo Budowlane z dnia 7 lipca 1994 r. w brzmieniu obowi\u0105zuj\u0105cym do 19 wrze\u015bnia 2020 z mo\u017cliwo\u015bci\u0105\u00a0stosowania na podstawie przepis\u00f3w przej\u015bciowych do dnia 19 wrze\u015bnia 2021 roku.<\/p>\r\n\r\n\r\n\r\n<p><strong>PRZEJRZYJ, CZY JEST TO WA<\/strong><strong>\u017b<\/strong><strong>NE DLA CIEBIE<\/strong><\/p>\r\n\r\n\r\n\r\n<p>Szczeg\u00f3ln\u0105\u00a0uwag\u0119\u00a0zwracamy na fakt konieczno\u015bci przygotowania wielu dokument\u00f3w przez inwestora z mo\u017cliwo\u015bci\u0105\u00a0przej\u0119cia ich przez architekta, ale z warunkiem ustalenia dodatkowego wynagrodzenia. Zaznaczamy to we \u201eWskaz\u00f3wkach\u201d. Zalecamy korzystanie ze \u201eWskaz\u00f3wek\u201d ju\u017c\u00a0w momencie wst\u0119pnych rozm\u00f3w i negocjacji z inwestorem przed podpisaniem umowy. Dzi\u0119ki temu mamy szans\u0119\u00a0unikn\u0105\u0107\u00a0nieporozumie\u0144\u00a0w realizacji umowy i okre\u015bli\u0107\u00a0dok\u0142adnie wynagrodzenie za nasz\u0105\u00a0prac\u0119.<\/p>\r\n\r\n\r\n\r\n<p><strong>CZY MUSZ\u0118\u00a0TO WIEDZIE\u0106\u00a0I CZY MUSZ\u0118\u00a0TO ROBI\u0106?<\/strong><\/p>\r\n\r\n\r\n\r\n<p>W naszej Instrukcji obs\u0142ugi \u201eWskaz\u00f3wek\u201d zaznaczyli\u015bmy kolorami:<br \/>&#8211; na zielono to,\u00a0co obowi\u0105zkowo powinna\/powinien przygotowa\u0107\u00a0architekt\/architektka;<br \/>&#8211; na\u00a0\u017c\u00f3\u0142to to,\u00a0co nale\u017cy do inwestora\/inwestorki.<br \/>Dodali\u015bmy kolumny, w kt\u00f3rych warto wpisa\u0107\u00a0czas przewidywany na przygotowanie dokument\u00f3w i ewentualny koszt.<\/p>\r\n\r\n\r\n\r\n<p>W razie w\u0105tpliwo\u015bci zach\u0119camy do zadawania pyta\u0144\u00a0w odpowiednich urz\u0119dach i korzystania z pomocy Biura Prawnego Mazowieckiej Okr\u0119gowej Izby Architekt\u00f3w RP.<\/p>\r\n\r\n\r\n\r\n<p>Kolejna edycja \u201eWskaz\u00f3wek\u201d b\u0119dzie oparta na aktualnym brzmieniu Ustawy Prawo Budowlane (Ustawa z dnia 13 lutego 2020r. o zmianie ustawy Prawo Budowlane oraz niekt\u00f3rych innych ustaw) uwzgl\u0119dniaj\u0105cym zmiany wprowadzone od dnia 19 wrze\u015bnia 2020 roku oraz o praktyk\u0119\u00a0urz\u0119du.<\/p>\r\n\r\n\r\n\r\n<div class=\"wp-block-file\"><a href=\"https:\/\/mazowiecka.iarp.pl\/wp-content\/uploads\/2020\/08\/Wskaz\u00f3wki-dla-Wnioskodawc\u00f3w-o-Pnb.pdf\">Wskaz\u00f3wki dla Wnioskodawc\u00f3w o Pnb<\/a><a class=\"wp-block-file__button\" href=\"https:\/\/mazowiecka.iarp.pl\/wp-content\/uploads\/2020\/08\/Wskaz\u00f3wki-dla-Wnioskodawc\u00f3w-o-Pnb.pdf\" download=\"\">Pobierz<\/a><\/div>\r\n\r\n\r\n\r\n<div class=\"wp-block-file\"><a href=\"https:\/\/mazowiecka.iarp.pl\/wp-content\/uploads\/2020\/08\/Wskaz\u00f3wki-dot.-spotka\u0144-z-Architektem-Miasta.pdf\">Wskaz\u00f3wki dot. spotka\u0144 z Architektem Miasta<\/a><a class=\"wp-block-file__button\" href=\"https:\/\/mazowiecka.iarp.pl\/wp-content\/uploads\/2020\/08\/Wskaz\u00f3wki-dot.-spotka\u0144-z-Architektem-Miasta.pdf\" download=\"\">Pobierz<\/a><\/div>\r\n\r\n\r\n\r\n<p><strong>Informacje na stronie Biura Architektury i Planowania Przestrzennego m. st. Warszawy:<\/strong><\/p>\r\n\r\n\r\n\r\n<p><a href=\"https:\/\/architektura.um.warszawa.pl\/content\/warszawskie-pozwolenia-na-budow\u0119-\u2013-wskaz\u00f3wki-dla-wnioskodawc\u00f3w\">https:\/\/architektura.um.warszawa.pl\/content\/warszawskie-pozwolenia-na-budow\u0119-\u2013-wskaz\u00f3wki-dla-wnioskodawc\u00f3w<\/a><\/p>\r\n<h4>Uchwa\u0142a dotycz\u0105ca zmiany Studium Uwarunkowa\u0144 i Kierunk\u00f3w Zagospodarowania Miasta st. Warszawy<\/h4>\r\n<p><a href=\"https:\/\/bip.warszawa.pl\/Menu_przedmiotowe\/zarzadzenia_uchwaly\/Uchwaly\/Rada_m__st__Warszawy\/2021\/sierpien\/LIII_1611_2021.htm\">https:\/\/bip.warszawa.pl\/Menu_przedmiotowe\/zarzadzenia_uchwaly\/Uchwaly\/Rada_m__st__Warszawy\/2021\/sierpien\/LIII_1611_2021.htm<\/a><\/p>\r\n<h4>Uchwa\u0142a dotycz\u0105ca obszaru zabudowy \u015br\u00f3dmiejskiej<\/h4>\r\n<p><a href=\"https:\/\/www.bip.warszawa.pl\/dokumenty\/radamiasta\/uchwaly\/2018-2023\/1611_uch_zal_2_cz_2_kierunki_14_LIII_1611_2021.pdf\">https:\/\/www.bip.warszawa.pl\/dokumenty\/radamiasta\/uchwaly\/2018-2023\/1611_uch_zal_2_cz_2_kierunki_14_LIII_1611_2021.pdf<\/a><\/p>\r\n\r\n\r\n","protected":false},"excerpt":{"rendered":"<p>&nbsp; Wskaz\u00f3wki dotycz\u0105 wniosku i zawarto\u015bci element\u00f3w projektu budowlanego sk\u0142adanego do organ\u00f3w administracji architektoniczno-budowlanej w celu uzyskania pozwolenia na budow\u0119. Lista w oparciu o przepisy Rozporz\u0105dzenia Ministra Rozwoju z dnia 11 wrze\u015bnia 2020 r. w sprawie szczeg\u00f3\u0142owego zakresu i formy projektu budowlanego (Dz. U. z 2020 poz. 1609 z p\u00f3\u017an. zm.) oraz ustawy Prawo budowlane &hellip; <a href=\"https:\/\/mazowiecka.iarp.pl\/?page_id=2976\" class=\"more-link\">Czytaj dalej <span class=\"screen-reader-text\">POZWOLENIE NA BUDOW\u0118 W WARSZAWIE<\/span> <span class=\"meta-nav\">&rarr;<\/span><\/a><\/p>\n","protected":false},"author":1,"featured_media":3833,"parent":0,"menu_order":0,"comment_status":"closed","ping_status":"closed","template":"","meta":{"footnotes":""},"class_list":["post-2976","page","type-page","status-publish","has-post-thumbnail","hentry"],"publishpress_future_action":{"enabled":false,"date":"2026-04-25 09:01:50","action":"change-status","newStatus":"draft","terms":[],"taxonomy":"","extraData":[]},"publishpress_future_workflow_manual_trigger":{"enabledWorkflows":[]},"_links":{"self":[{"href":"https:\/\/mazowiecka.iarp.pl\/index.php?rest_route=\/wp\/v2\/pages\/2976","targetHints":{"allow":["GET"]}}],"collection":[{"href":"https:\/\/mazowiecka.iarp.pl\/index.php?rest_route=\/wp\/v2\/pages"}],"about":[{"href":"https:\/\/mazowiecka.iarp.pl\/index.php?rest_route=\/wp\/v2\/types\/page"}],"author":[{"embeddable":true,"href":"https:\/\/mazowiecka.iarp.pl\/index.php?rest_route=\/wp\/v2\/users\/1"}],"replies":[{"embeddable":true,"href":"https:\/\/mazowiecka.iarp.pl\/index.php?rest_route=%2Fwp%2Fv2%2Fcomments&post=2976"}],"version-history":[{"count":10,"href":"https:\/\/mazowiecka.iarp.pl\/index.php?rest_route=\/wp\/v2\/pages\/2976\/revisions"}],"predecessor-version":[{"id":5066,"href":"https:\/\/mazowiecka.iarp.pl\/index.php?rest_route=\/wp\/v2\/pages\/2976\/revisions\/5066"}],"wp:featuredmedia":[{"embeddable":true,"href":"https:\/\/mazowiecka.iarp.pl\/index.php?rest_route=\/wp\/v2\/media\/3833"}],"wp:attachment":[{"href":"https:\/\/mazowiecka.iarp.pl\/index.php?rest_route=%2Fwp%2Fv2%2Fmedia&parent=2976"}],"curies":[{"name":"wp","href":"https:\/\/api.w.org\/{rel}","templated":true}]}}