{"id":488,"date":"2023-09-09T00:40:26","date_gmt":"2023-09-09T00:40:26","guid":{"rendered":"http:\/\/mazowiecka.iarp.pl\/?page_id=488"},"modified":"2026-03-20T21:02:21","modified_gmt":"2026-03-20T21:02:21","slug":"kurs-przygotowawczy-na-uprawnienia","status":"publish","type":"page","link":"https:\/\/mazowiecka.iarp.pl\/?page_id=488","title":{"rendered":"Kurs przygotowawczy do egzaminu na uprawnienia do projektowania &#8217;26"},"content":{"rendered":"<header class=\"entry-header\"><\/header>\n<div class=\"entry-content\">\n<p>KURS PRZYGOTOWAWCZY DO EGZAMINU NA UPRAWNIENIA ARCHITEKTONICZNE<span class=\"Apple-converted-space\">\u00a0<\/span><\/p>\n<p>Mazowiecka Okr\u0119gowa Izba Architekt\u00f3w RP zaprasza na kolejn\u0105 edycj\u0119 kursu przygotowawczego do egzaminu na uprawnienia budowlane w specjalno\u015bci architektonicznej &#8211; do projektowania oraz kierowania robotami budowlanymi. Kurs odbywa si\u0119 dwa razy w roku, przed wiosenn\u0105 i jesienn\u0105 sesj\u0105 egzaminacyjn\u0105. Jego celem jest pomoc w usystematyzowaniu wiedzy zdobytej podczas praktyki zawodowej, w oparciu o aktualne przepisy prawne wymagane na egzaminie.<\/p>\n<p><b>Terminy<\/b><\/p>\n<p>Zaj\u0119cia s\u0105 prowadzone w formie stacjonarnej, podczas weekendowych zjazd\u00f3w: 11, 18-19 i 25 kwietnia 2026 r.<\/p>\n<p><b>Program<\/b><\/p>\n<p>Zakres kursu jest dostosowywany do wymaga\u0144 bie\u017c\u0105cej sesji egzaminacyjnej i w zdecydowanej wi\u0119kszo\u015bci pokrywa si\u0119 z list\u0105 wymaganych akt\u00f3w prawnych. Dodatkowo omawiane s\u0105 kwestie organizacyjne, a \u0107wiczenia i dyskusje pomagaj\u0105 prze\u0142ama\u0107 stres zwi\u0105zany z egzaminem. Program obejmuje oko\u0142o 30 godzin zegarowych i jest podzielony na bloki tematyczne poprzeplatane przerwami.<\/p>\n<p>Zaj\u0119cia prowadz\u0105 do\u015bwiadczeni praktycy, kt\u00f3rzy od lat dziel\u0105 si\u0119 swoj\u0105 wiedz\u0105 z uczestnikami kursu. Ka\u017cdy uczestnik otrzyma materia\u0142y elektroniczne w formie plik\u00f3w PDF: prezentacje z wyk\u0142ad\u00f3w, pr\u00f3bny test, przyk\u0142adowe pytania oraz zestaw obowi\u0105zuj\u0105cych akt\u00f3w prawnych.<\/p>\n<p><b>Bloki tematyczne<\/b><\/p>\n<p>\u2022 prawo budowlane<br \/>\n\u2022 warunki techniczne budynk\u00f3w<br \/>\n\u2022 ochrona przeciwpo\u017carowa<br \/>\n\u2022 bezpiecze\u0144stwo i higiena pracy<br \/>\n\u2022 warunki higienicznosanitarne<br \/>\n\u2022 budowle ochronne i miejsca schronienia<br \/>\n\u2022 planowanie przestrzenne<br \/>\n\u2022 oddzia\u0142ywanie na \u015brodowisko<br \/>\n\u2022 geologia i geodezja<br \/>\n\u2022 ochrona zabytk\u00f3w<br \/>\n\u2022 pr\u00f3bny egzamin ustny i pisemny<\/p>\n<p><b>Plan zaj\u0119\u0107<\/b> \u2192 <a href=\"https:\/\/mazowiecka.iarp.pl\/wp-content\/uploads\/2026\/03\/KU-26-1_plan-2.pdf\">KU-26-1_plan-2<\/a><br \/>\n<b>Formularz zapis\u00f3w<\/b> (udzia\u0142 w ca\u0142ym kursie lub w wybranych dniach) \u2192 <a href=\"https:\/\/forms.gle\/9c6TivePTk2novzh9\">https:\/\/forms.gle\/9c6TivePTk2novzh9<\/a><br \/>\n<b>Regulamin<\/b> \u2192 <a href=\"https:\/\/mazowiecka.iarp.pl\/wp-content\/uploads\/2026\/03\/KU-26-1_regulamin-1.pdf\">KU-26-1_regulamin<\/a><br \/>\n<b>Zesp\u00f3\u0142 dydaktyczny <\/b>\u2192 <a href=\"https:\/\/mazowiecka.iarp.pl\/wp-content\/uploads\/2026\/03\/KU-26-1_zespol_dydaktyczny.pdf\">KU-26-1_zespol_dydaktyczny<\/a><\/p>\n<p><b>Zapisy<\/b><\/p>\n<p>Aby si\u0119 zapisa\u0107, nale\u017cy wype\u0142ni\u0107 formularz zg\u0142oszeniowy i poczeka\u0107 na wiadomo\u015b\u0107 email z danymi do p\u0142atno\u015bci (wiadomo\u015b\u0107 mo\u017ce dotrze\u0107 w ci\u0105gu 1\u20132 dni roboczych). Po zaksi\u0119gowaniu p\u0142atno\u015bci uczestnik otrzyma wiadomo\u015b\u0107 powitaln\u0105 z potwierdzeniem udzia\u0142u.<\/p>\n<p><b>Koszt<\/b><\/p>\n<p>Udzia\u0142 w ca\u0142ym kursie: 1650 z\u0142<br \/>\nUdzia\u0142 w pojedynczym dniu: 450 z\u0142<\/p>\n<p><b>Miejsce kursu<\/b><\/p>\n<p>Biuro Mazowieckiej Okr\u0119gowej Izby Architekt\u00f3w RP<br \/>\nul. Koszykowa 54, wej\u015bcie B (od strony ul. Pozna\u0144skiej), I pi\u0119tro<br \/>\n00-675 Warszawa<\/p>\n<p><b>Kontakt<\/b><\/p>\n<p>Zesp\u00f3\u0142 ds. szkole\u0144 Mazowieckiej OIARP<br \/>\narch. Maria Mermer<br \/>\nemail: maria.mermer@mazowiecka.iarp.pl<br \/>\ntel.: 501 180\u00a0905<\/p>\n<p>&nbsp;<\/p>\n<p>&nbsp;<\/p>\n<\/div>\n<p>&nbsp;<\/p>\n<p>&nbsp;<\/p>\n<p>&nbsp;<\/p>\n<p>&nbsp;<\/p>\n<p>&nbsp;<\/p>\n<p>&nbsp;<\/p>\n<p>&nbsp;<\/p>\n<p>&nbsp;<\/p>\n<div><\/div>\n","protected":false},"excerpt":{"rendered":"<p>KURS PRZYGOTOWAWCZY DO EGZAMINU NA UPRAWNIENIA ARCHITEKTONICZNE\u00a0 Mazowiecka Okr\u0119gowa Izba Architekt\u00f3w RP zaprasza na kolejn\u0105 edycj\u0119 kursu przygotowawczego do egzaminu na uprawnienia budowlane w specjalno\u015bci architektonicznej &#8211; do projektowania oraz kierowania robotami budowlanymi. Kurs odbywa si\u0119 dwa razy w roku, przed wiosenn\u0105 i jesienn\u0105 sesj\u0105 egzaminacyjn\u0105. Jego celem jest pomoc w usystematyzowaniu wiedzy zdobytej podczas &hellip; <a href=\"https:\/\/mazowiecka.iarp.pl\/?page_id=488\" class=\"more-link\">Czytaj dalej <span class=\"screen-reader-text\">Kurs przygotowawczy do egzaminu na uprawnienia do projektowania &#8217;26<\/span> <span class=\"meta-nav\">&rarr;<\/span><\/a><\/p>\n","protected":false},"author":1,"featured_media":0,"parent":0,"menu_order":0,"comment_status":"closed","ping_status":"closed","template":"","meta":{"footnotes":""},"class_list":["post-488","page","type-page","status-publish","hentry"],"publishpress_future_action":{"enabled":false,"date":"2026-04-29 08:16:22","action":"change-status","newStatus":"draft","terms":[],"taxonomy":"","extraData":[]},"publishpress_future_workflow_manual_trigger":{"enabledWorkflows":[]},"_links":{"self":[{"href":"https:\/\/mazowiecka.iarp.pl\/index.php?rest_route=\/wp\/v2\/pages\/488","targetHints":{"allow":["GET"]}}],"collection":[{"href":"https:\/\/mazowiecka.iarp.pl\/index.php?rest_route=\/wp\/v2\/pages"}],"about":[{"href":"https:\/\/mazowiecka.iarp.pl\/index.php?rest_route=\/wp\/v2\/types\/page"}],"author":[{"embeddable":true,"href":"https:\/\/mazowiecka.iarp.pl\/index.php?rest_route=\/wp\/v2\/users\/1"}],"replies":[{"embeddable":true,"href":"https:\/\/mazowiecka.iarp.pl\/index.php?rest_route=%2Fwp%2Fv2%2Fcomments&post=488"}],"version-history":[{"count":112,"href":"https:\/\/mazowiecka.iarp.pl\/index.php?rest_route=\/wp\/v2\/pages\/488\/revisions"}],"predecessor-version":[{"id":6924,"href":"https:\/\/mazowiecka.iarp.pl\/index.php?rest_route=\/wp\/v2\/pages\/488\/revisions\/6924"}],"wp:attachment":[{"href":"https:\/\/mazowiecka.iarp.pl\/index.php?rest_route=%2Fwp%2Fv2%2Fmedia&parent=488"}],"curies":[{"name":"wp","href":"https:\/\/api.w.org\/{rel}","templated":true}]}}