{"id":5174,"date":"2023-07-21T14:44:06","date_gmt":"2023-07-21T14:44:06","guid":{"rendered":"https:\/\/mazowiecka.iarp.pl\/?page_id=5174"},"modified":"2026-01-02T10:32:57","modified_gmt":"2026-01-02T10:32:57","slug":"zapisy-do-iarp","status":"publish","type":"page","link":"https:\/\/mazowiecka.iarp.pl\/?page_id=5174","title":{"rendered":"Zapisy do IARP"},"content":{"rendered":"<div style=\"text-align: left;\"><strong>Wnioski dotycz\u0105ce <\/strong>przyj\u0119cia w poczet cz\u0142onk\u00f3w Izby &gt; <a href=\"https:\/\/mazowiecka.iarp.pl\/wp-content\/uploads\/2023\/07\/wniosek-o-wpis-na-liste-czlonkow.pdf\">wniosek o wpis na list\u0119 cz\u0142onk\u00f3w <\/a>przyjmowane s\u0105 najp\u00f3\u017aniej <strong>na 15 dni przed terminem najbli\u017cszej sesji<\/strong>.\u00a0Umo\u017cliwi to rozpatrzenie sprawy w &#8211; najkr\u00f3tszym z mo\u017cliwych &#8211; terminie.<\/div>\n<div><\/div>\n<div>Opr\u00f3cz prawid\u0142owo wype\u0142nionego wniosku \u00a0o przyj\u0119cie do IARP potrzebne s\u0105:<\/div>\n<div>\n<div class=\"page\" title=\"Page 2\">\n<div class=\"section\">\n<div class=\"layoutArea\">\n<div class=\"column\">\n<ol>\n<li>kserokopia dowodu osobistego lub innego dokumentu potwierdzaja\u0328cego toz\u0307samos\u0301c\u0301 (dot. obywateli innego pan\u0301stwa), orygina\u0142 do wgla\u0328du.<\/li>\n<li>kserokopia dyplomu uko\u0144czenia studi\u00f3w (orygina\u0142 do wgla\u0328du).<\/li>\n<li>kserokopia decyzji o nadaniu uprawnien\u0301 (orygina\u0142 do wgla\u0328du).<\/li>\n<li>pe\u0142nomocnictwo (w przypadku oso\u0301b zamieszkuja\u0328cych poza granicami RP &#8211; orygina\u0142).<\/li>\n<\/ol>\n<p>Op\u0142ata za wpis na list\u0119 cz\u0142onk\u00f3w wynosi w 2026 r. <strong>\u00a0820 z\u0142.<\/strong><\/p>\n<h3>WP\u0141ATY<\/h3>\n<div><strong>Nr konta:<\/strong><br \/>\n85 1020 1013 0000 0102 0003 2367<br \/>\nPKO BP S.A.<br \/>\nX Oddzia\u0142 w Warszawie<\/div>\n<div><\/div>\n<div><strong>Wp\u0142aty z kont zagranicznych:<\/strong><br \/>\nSWIFT: BPKO PL PW<br \/>\nIBAN: PL 85 1020 1013 0000 0102 0003 2367<\/div>\n<\/div>\n<\/div>\n<div><\/div>\n<\/div>\n<\/div>\n<\/div>\n","protected":false},"excerpt":{"rendered":"<p>Wnioski dotycz\u0105ce przyj\u0119cia w poczet cz\u0142onk\u00f3w Izby &gt; wniosek o wpis na list\u0119 cz\u0142onk\u00f3w przyjmowane s\u0105 najp\u00f3\u017aniej na 15 dni przed terminem najbli\u017cszej sesji.\u00a0Umo\u017cliwi to rozpatrzenie sprawy w &#8211; najkr\u00f3tszym z mo\u017cliwych &#8211; terminie. Opr\u00f3cz prawid\u0142owo wype\u0142nionego wniosku \u00a0o przyj\u0119cie do IARP potrzebne s\u0105: kserokopia dowodu osobistego lub innego dokumentu potwierdzaja\u0328cego toz\u0307samos\u0301c\u0301 (dot. obywateli innego &hellip; <a href=\"https:\/\/mazowiecka.iarp.pl\/?page_id=5174\" class=\"more-link\">Czytaj dalej <span class=\"screen-reader-text\">Zapisy do IARP<\/span> <span class=\"meta-nav\">&rarr;<\/span><\/a><\/p>\n","protected":false},"author":1,"featured_media":0,"parent":0,"menu_order":0,"comment_status":"closed","ping_status":"closed","template":"","meta":{"footnotes":""},"class_list":["post-5174","page","type-page","status-publish","hentry"],"publishpress_future_action":{"enabled":false,"date":"2026-05-13 08:50:15","action":"change-status","newStatus":"draft","terms":[],"taxonomy":"","extraData":[]},"publishpress_future_workflow_manual_trigger":{"enabledWorkflows":[]},"_links":{"self":[{"href":"https:\/\/mazowiecka.iarp.pl\/index.php?rest_route=\/wp\/v2\/pages\/5174","targetHints":{"allow":["GET"]}}],"collection":[{"href":"https:\/\/mazowiecka.iarp.pl\/index.php?rest_route=\/wp\/v2\/pages"}],"about":[{"href":"https:\/\/mazowiecka.iarp.pl\/index.php?rest_route=\/wp\/v2\/types\/page"}],"author":[{"embeddable":true,"href":"https:\/\/mazowiecka.iarp.pl\/index.php?rest_route=\/wp\/v2\/users\/1"}],"replies":[{"embeddable":true,"href":"https:\/\/mazowiecka.iarp.pl\/index.php?rest_route=%2Fwp%2Fv2%2Fcomments&post=5174"}],"version-history":[{"count":9,"href":"https:\/\/mazowiecka.iarp.pl\/index.php?rest_route=\/wp\/v2\/pages\/5174\/revisions"}],"predecessor-version":[{"id":6735,"href":"https:\/\/mazowiecka.iarp.pl\/index.php?rest_route=\/wp\/v2\/pages\/5174\/revisions\/6735"}],"wp:attachment":[{"href":"https:\/\/mazowiecka.iarp.pl\/index.php?rest_route=%2Fwp%2Fv2%2Fmedia&parent=5174"}],"curies":[{"name":"wp","href":"https:\/\/api.w.org\/{rel}","templated":true}]}}