{"id":5810,"date":"2024-09-18T20:47:42","date_gmt":"2024-09-18T20:47:42","guid":{"rendered":"https:\/\/mazowiecka.iarp.pl\/?page_id=5810"},"modified":"2025-08-01T09:26:44","modified_gmt":"2025-08-01T09:26:44","slug":"dokumenty-do-pobrania","status":"publish","type":"page","link":"https:\/\/mazowiecka.iarp.pl\/?page_id=5810","title":{"rendered":"Dokumenty do pobrania"},"content":{"rendered":"<p><a href=\"https:\/\/mazowiecka.iarp.pl\/wp-content\/uploads\/2023\/08\/Wzor-wniosku-o-przeprowadzenie-postepowania-kwalifikacyjnego-oraz-o-nadanie-uprawnien-budowlanych-w-specjalnosci-architektonicznej-1.pdf\"><b>Wz\u00f3r wniosku o przeprowadzenie post\u0119powania kwalifikacyjnego oraz o nadanie uprawnie\u0144 budowlanych w specjalno\u015bci architektonicznej<\/b><\/a><\/p>\n<p><a href=\"https:\/\/mazowiecka.iarp.pl\/wp-content\/uploads\/2015\/12\/Wniosek-o-ponowne-przyst%C4%85pienie-do-egzaminu.pdf\">wniosek-o-ponowne-przystapienie-do-egzaminu<\/a>\u00a0 o nadanie uprawnie\u0144 w specjalno\u015bci architektonicznej \u00a0(pdf) &#8211; wniosek dla os\u00f3b, kt\u00f3re przesz\u0142y kwalifikacj\u0119 dokument\u00f3w oraz ponownie (ze wzgl\u0119du na rezygnacj\u0119 z egzaminu b\u0105d\u017a jego wynik negatywny) podchodz\u0105 do egzaminu b\u0105d\u017a jego cz\u0119\u015bci ustnej.<\/p>\n<p><a href=\"https:\/\/mazowiecka.iarp.pl\/wp-content\/uploads\/2017\/07\/O%C5%9AWIADCZENIE-POTWIERDZAJACE-ODBYCIE-PRAKTYKI-ZAWODOWEJ.pdf\">O\u015bwiadczenie potwierdzaj\u0105ce odbycie praktyki zawodowej (pdf)<\/a><\/p>\n<p>Od 7 maja 2019 r. obowi\u0105zuje<i> Rozporz\u0105dzenie w sprawie przygotowania zawodowego do wykonywania samodzielnych funkcji technicznych w budownictwie z dnia 29 kwietnia 2019 r<\/i>. W rozporz\u0105dzeniu tym zamieszczono zaktualizowany wz\u00f3r o\u015bwiadczenia potwierdzaj\u0105cego odbycie praktyki zawodowej:\u00a0<a href=\"https:\/\/mazowiecka.iarp.pl\/wp-content\/uploads\/2015\/12\/Wz%C3%B3r-o%C5%9Bwiadczenia-potwierdzaj%C4%85cego-odbycie-praktyki-zawodowej-od-07.05.19.pdf\">wzor-oswiadczenia-potwierdzajacego-odbycie-praktyki-zawodowej-od-07-05-19<\/a><\/p>\n<p><a href=\"https:\/\/mazowiecka.iarp.pl\/wp-content\/uploads\/2017\/07\/ZBIORCZE-ZESTAWIENIE-ODBYTEJ-PRAKTYKI-ZAWODOWEJ.doc\">Zbiorcze zestawienie odbytej praktyki zawodowej<\/a><\/p>\n<p><a href=\"https:\/\/mazowiecka.iarp.pl\/wp-content\/uploads\/2017\/07\/ZBIORCZE-ZESTAWIENIE-ODBYTEJ-PRAKTYKI-ZAWODOWEJ.pdf\">Zbiorcze zestawienie odbytej praktyki zawodowej (pdf)<\/a><\/p>\n<p><a href=\"https:\/\/mazowiecka.iarp.pl\/wp-content\/uploads\/2017\/07\/ANKIETA-DLA-ABSOLWENT%C3%93W.tif\">Ankieta dla absolwent\u00f3w<\/a>\u00a0 (ankieta zosta\u0142a wprowadzona przez Krajow\u0105 Rad\u0119 Izby Architekt\u00f3w RP dla os\u00f3b ubiegaj\u0105cych si\u0119 o nadanie uprawnie\u0144 budowlanych &#8211; jest dobrowolna i anonimowa oraz nie pozostaje w\u00a0MAOIA RP tylko zostaje przekazana do KRIA RP. Wype\u0142nienie\/niewype\u0142nienie w\/w\u00a0ankiety nie ma wp\u0142ywu na post\u0119powanie kwalifikacyjne.)<\/p>\n","protected":false},"excerpt":{"rendered":"<p>Wz\u00f3r wniosku o przeprowadzenie post\u0119powania kwalifikacyjnego oraz o nadanie uprawnie\u0144 budowlanych w specjalno\u015bci architektonicznej wniosek-o-ponowne-przystapienie-do-egzaminu\u00a0 o nadanie uprawnie\u0144 w specjalno\u015bci architektonicznej \u00a0(pdf) &#8211; wniosek dla os\u00f3b, kt\u00f3re przesz\u0142y kwalifikacj\u0119 dokument\u00f3w oraz ponownie (ze wzgl\u0119du na rezygnacj\u0119 z egzaminu b\u0105d\u017a jego wynik negatywny) podchodz\u0105 do egzaminu b\u0105d\u017a jego cz\u0119\u015bci ustnej. O\u015bwiadczenie potwierdzaj\u0105ce odbycie praktyki zawodowej (pdf) &hellip; <a href=\"https:\/\/mazowiecka.iarp.pl\/?page_id=5810\" class=\"more-link\">Czytaj dalej <span class=\"screen-reader-text\">Dokumenty do pobrania<\/span> <span class=\"meta-nav\">&rarr;<\/span><\/a><\/p>\n","protected":false},"author":1,"featured_media":0,"parent":0,"menu_order":0,"comment_status":"closed","ping_status":"closed","template":"","meta":{"footnotes":""},"class_list":["post-5810","page","type-page","status-publish","hentry"],"publishpress_future_action":{"enabled":false,"date":"2026-05-13 08:27:43","action":"change-status","newStatus":"draft","terms":[],"taxonomy":"","extraData":[]},"publishpress_future_workflow_manual_trigger":{"enabledWorkflows":[]},"_links":{"self":[{"href":"https:\/\/mazowiecka.iarp.pl\/index.php?rest_route=\/wp\/v2\/pages\/5810","targetHints":{"allow":["GET"]}}],"collection":[{"href":"https:\/\/mazowiecka.iarp.pl\/index.php?rest_route=\/wp\/v2\/pages"}],"about":[{"href":"https:\/\/mazowiecka.iarp.pl\/index.php?rest_route=\/wp\/v2\/types\/page"}],"author":[{"embeddable":true,"href":"https:\/\/mazowiecka.iarp.pl\/index.php?rest_route=\/wp\/v2\/users\/1"}],"replies":[{"embeddable":true,"href":"https:\/\/mazowiecka.iarp.pl\/index.php?rest_route=%2Fwp%2Fv2%2Fcomments&post=5810"}],"version-history":[{"count":3,"href":"https:\/\/mazowiecka.iarp.pl\/index.php?rest_route=\/wp\/v2\/pages\/5810\/revisions"}],"predecessor-version":[{"id":6402,"href":"https:\/\/mazowiecka.iarp.pl\/index.php?rest_route=\/wp\/v2\/pages\/5810\/revisions\/6402"}],"wp:attachment":[{"href":"https:\/\/mazowiecka.iarp.pl\/index.php?rest_route=%2Fwp%2Fv2%2Fmedia&parent=5810"}],"curies":[{"name":"wp","href":"https:\/\/api.w.org\/{rel}","templated":true}]}}