{"id":6483,"date":"2025-09-13T07:24:47","date_gmt":"2025-09-13T07:24:47","guid":{"rendered":"https:\/\/mazowiecka.iarp.pl\/?page_id=6483"},"modified":"2025-09-13T11:01:13","modified_gmt":"2025-09-13T11:01:13","slug":"mjr-dr-anna-grabowska-siwiec","status":"publish","type":"page","link":"https:\/\/mazowiecka.iarp.pl\/?page_id=6483","title":{"rendered":"mjr dr Anna Grabowska-Siwiec"},"content":{"rendered":"<p><a href=\"https:\/\/mazowiecka.iarp.pl\/wp-content\/uploads\/2025\/09\/IMG-20250117-WA0003.jpg\"><img loading=\"lazy\" decoding=\"async\" class=\"size-full wp-image-6481 aligncenter\" src=\"https:\/\/mazowiecka.iarp.pl\/wp-content\/uploads\/2025\/09\/IMG-20250117-WA0003.jpg\" alt=\"\" width=\"1366\" height=\"2048\" srcset=\"https:\/\/mazowiecka.iarp.pl\/wp-content\/uploads\/2025\/09\/IMG-20250117-WA0003.jpg 1366w, https:\/\/mazowiecka.iarp.pl\/wp-content\/uploads\/2025\/09\/IMG-20250117-WA0003-200x300.jpg 200w, https:\/\/mazowiecka.iarp.pl\/wp-content\/uploads\/2025\/09\/IMG-20250117-WA0003-683x1024.jpg 683w, https:\/\/mazowiecka.iarp.pl\/wp-content\/uploads\/2025\/09\/IMG-20250117-WA0003-768x1151.jpg 768w, https:\/\/mazowiecka.iarp.pl\/wp-content\/uploads\/2025\/09\/IMG-20250117-WA0003-1025x1536.jpg 1025w\" sizes=\"auto, (max-width: 1366px) 100vw, 1366px\" \/><\/a><\/p>\n<h3><b>Zagro\u017cenia wywiadowcze w budownictwie i architekturze<\/b> (casus Polski).<\/h3>\n<p>Podczas wyst\u0105pienia szczeg\u00f3lny nacisk po\u0142o\u017cony zostanie na fenomen agentury proxy, kt\u00f3ra w kontek\u015bcie budownictwa przyjmuje r\u00f3\u017cnorodne formy &#8211; od firm-przykrywek po grupy przest\u0119pcze wykorzystywane do zada\u0144 dywersyjno-sabota\u017cowych. Prezentacja obejmie konkretne przypadki z ostatnich lat, w tym wykorzystanie &#8222;modelu gig economy&#8221; (rynek pracy oparty na kr\u00f3tkoterminowych zleceniach, projektach i umowach o dzie\u0142o zamiast tradycyjnego zatrudnienia na pe\u0142ny etat), werbowanie agentury przez media spo\u0142eczno\u015bciowe, wykorzystanie imigrant\u00f3w. W wyst\u0105pieniu znajd\u0105 si\u0119 odniesienia do wojny w Ukrainie, kt\u00f3ra radykalnie zmieni\u0142a krajobraz zagro\u017ce\u0144 dla polskiego sektora budowlanego. Od lutego 2022 roku odnotowano wzrost aktywno\u015bci rosyjskich s\u0142u\u017cb specjalnych na terytorium Polski &#8211; z 2000 pr\u00f3b cyberatak\u00f3w dziennie oraz konkretnymi przypadkami sabota\u017cu infrastruktury krytycznej. Przedstawione zostan\u0105 skutki gospodarcze konfliktu dla polskiego sektora budowniczego.<\/p>\n<p>W wyst\u0105pieniu zostan\u0105 przekazane konkretne rekomendacje dla trzech poziom\u00f3w dzia\u0142ania: pa\u0144stwowego (weryfikacja bezpiecze\u0144stwa firm zagranicznych, wzmocnienie kontroli \u0142a\u0144cuch\u00f3w dostaw), bran\u017cowego (standardy cyberbezpiecze\u0144stwa, szkolenia \u015bwiadomo\u015bciowe) oraz projektowego (segregacja informacji, kontrola dost\u0119pu, monitoring podwykonawc\u00f3w).<span class=\"Apple-converted-space\">\u00a0<\/span><\/p>\n<p><b>mjr dr Anna Grabowska-Siwiec<\/b> \u2013 emerytowana oficer kontrwywiadu ABW, w kt\u00f3rym s\u0142u\u017cy\u0142a w latach 2004-2020. Doktor nauk politycznych. Autorka pozycji naukowej \u201eKontrwywiad a w\u0142adza. Od Departamentu II MSW do Zarz\u0105du Kontrwywiadu UOP\u201d, wsp\u00f3\u0142autorka \u201eKonceptualizacja bezpiecze\u0144stwa kryminologicznego\u201d oraz wielu artyku\u0142\u00f3w naukowych i popularnonaukowych. Absolwentka O\u015brodka Szkolenia Agencji Wywiadu w Kiejkutach. Wyk\u0142adowca Uniwersytetu w Bia\u0142ymstoku, Akademii G\u00f3rniczo Hutniczej w Krakowie (2022-2023), go\u015bcinny wyk\u0142adowca: Uniwersytet Warszawski, Uniwersytet Wroc\u0142awski, Uniwersytet Miko\u0142aja Kopernika w Toruniu, Uniwersytet Kardyna\u0142a Stefana Wyszy\u0144skiego, Uniwersytet III Wieku. Szkoleniowiec z zakresu zagro\u017ce\u0144 wywiadowczych, ochrony kontrwywiadowczej, bezpiecze\u0144stwa informacyjnego, komunikacji, metod manipulacyjnych i rozpoznawania emocji. Edukatorka, naukowiec i badacz w zakresie s\u0142u\u017cb specjalnych i bezpiecze\u0144stwa wewn\u0119trznego. Konsultantka i ekspertka program\u00f3w i portali informacyjnych.<\/p>\n","protected":false},"excerpt":{"rendered":"<p>Zagro\u017cenia wywiadowcze w budownictwie i architekturze (casus Polski). Podczas wyst\u0105pienia szczeg\u00f3lny nacisk po\u0142o\u017cony zostanie na fenomen agentury proxy, kt\u00f3ra w kontek\u015bcie budownictwa przyjmuje r\u00f3\u017cnorodne formy &#8211; od firm-przykrywek po grupy przest\u0119pcze wykorzystywane do zada\u0144 dywersyjno-sabota\u017cowych. Prezentacja obejmie konkretne przypadki z ostatnich lat, w tym wykorzystanie &#8222;modelu gig economy&#8221; (rynek pracy oparty na kr\u00f3tkoterminowych zleceniach, projektach &hellip; <a href=\"https:\/\/mazowiecka.iarp.pl\/?page_id=6483\" class=\"more-link\">Czytaj dalej <span class=\"screen-reader-text\">mjr dr Anna Grabowska-Siwiec<\/span> <span class=\"meta-nav\">&rarr;<\/span><\/a><\/p>\n","protected":false},"author":1,"featured_media":0,"parent":0,"menu_order":0,"comment_status":"closed","ping_status":"closed","template":"","meta":{"footnotes":""},"class_list":["post-6483","page","type-page","status-publish","hentry"],"publishpress_future_action":{"enabled":false,"date":"2026-04-28 12:26:46","action":"change-status","newStatus":"draft","terms":[],"taxonomy":"","extraData":[]},"publishpress_future_workflow_manual_trigger":{"enabledWorkflows":[]},"_links":{"self":[{"href":"https:\/\/mazowiecka.iarp.pl\/index.php?rest_route=\/wp\/v2\/pages\/6483","targetHints":{"allow":["GET"]}}],"collection":[{"href":"https:\/\/mazowiecka.iarp.pl\/index.php?rest_route=\/wp\/v2\/pages"}],"about":[{"href":"https:\/\/mazowiecka.iarp.pl\/index.php?rest_route=\/wp\/v2\/types\/page"}],"author":[{"embeddable":true,"href":"https:\/\/mazowiecka.iarp.pl\/index.php?rest_route=\/wp\/v2\/users\/1"}],"replies":[{"embeddable":true,"href":"https:\/\/mazowiecka.iarp.pl\/index.php?rest_route=%2Fwp%2Fv2%2Fcomments&post=6483"}],"version-history":[{"count":3,"href":"https:\/\/mazowiecka.iarp.pl\/index.php?rest_route=\/wp\/v2\/pages\/6483\/revisions"}],"predecessor-version":[{"id":6553,"href":"https:\/\/mazowiecka.iarp.pl\/index.php?rest_route=\/wp\/v2\/pages\/6483\/revisions\/6553"}],"wp:attachment":[{"href":"https:\/\/mazowiecka.iarp.pl\/index.php?rest_route=%2Fwp%2Fv2%2Fmedia&parent=6483"}],"curies":[{"name":"wp","href":"https:\/\/api.w.org\/{rel}","templated":true}]}}