{"id":6516,"date":"2025-09-13T08:49:10","date_gmt":"2025-09-13T08:49:10","guid":{"rendered":"https:\/\/mazowiecka.iarp.pl\/?page_id=6516"},"modified":"2025-09-13T08:52:43","modified_gmt":"2025-09-13T08:52:43","slug":"tomasz-darmolinski","status":"publish","type":"page","link":"https:\/\/mazowiecka.iarp.pl\/?page_id=6516","title":{"rendered":"Tomasz Darmoli\u0144ski"},"content":{"rendered":"<p><a href=\"https:\/\/mazowiecka.iarp.pl\/wp-content\/uploads\/2025\/09\/WhatsApp-Image-2025-09-13-at-10.46.47-AM.jpeg\"><img loading=\"lazy\" decoding=\"async\" class=\"alignnone size-full wp-image-6519\" src=\"https:\/\/mazowiecka.iarp.pl\/wp-content\/uploads\/2025\/09\/WhatsApp-Image-2025-09-13-at-10.46.47-AM.jpeg\" alt=\"\" width=\"1828\" height=\"1940\" \/><\/a><\/p>\n<h3><b>Miasto w erze dron\u00f3w: Jak wojna zmienia przestrze\u0144<\/b><\/h3>\n<p>W trakcie wyst\u0105pienia chcia\u0142bym podzieli\u0107 si\u0119 obserwacjami i przyk\u0142adami z konfliktu na Ukrainie, pokazuj\u0105c, jak <b>atak saturacyjny z u\u017cyciem dron\u00f3w dalekiego zasi\u0119gu i rakiet manewruj\u0105cych<\/b> wp\u0142ywa na infrastruktur\u0119 miejsk\u0105 \u2013 zar\u00f3wno krytyczn\u0105, jak i mieszkaniow\u0105. Om\u00f3wi\u0119, jak te nowe zagro\u017cenia wymuszaj\u0105 <b>przekszta\u0142cenia w rozmieszczeniu system\u00f3w obrony powietrznej (OPL)<\/b>, a tak\u017ce jak wp\u0142ywaj\u0105 na decyzje dotycz\u0105ce lokalizacji budynk\u00f3w, obecno\u015bci <b>stref ukrycia i schronienia<\/b>, czy projektowania przestrzeni z my\u015bl\u0105 o ewakuacji i odporno\u015bci rozproszonej.<\/p>\n<p>Zwr\u00f3c\u0119 r\u00f3wnie\u017c uwag\u0119 na <b>rozwijaj\u0105ce si\u0119 zagro\u017cenie wielkoobszarowego zak\u0142\u00f3cania sygna\u0142u GPS<\/b>, kt\u00f3re prowadzi do problem\u00f3w z transportem, komunikacj\u0105, zarz\u0105dzaniem kryzysowym i funkcjonowaniem nowoczesnych system\u00f3w miejskich. <b>Odporno\u015b\u0107 miasta<\/b> na tego rodzaju zak\u0142\u00f3cenia staje si\u0119 r\u00f3wnie wa\u017cna jak odporno\u015b\u0107 fizyczna na ostrza\u0142.<\/p>\n<p><strong>Tomasz Darmoli\u0144ski<\/strong> \u2013 ekspert w zakresie rosyjskich technologii dronowych i zastosowa\u0144 dual-use. Prezes Fundacji \u017belazny. Od pocz\u0105tku wojny aktywnie dzia\u0142a w Ukrainie, gdzie wsp\u00f3\u0142pracuje z zespo\u0142ami frontowymi oraz o\u015brodkami R&amp;D nad praktycznym wykorzystaniem i zwalczaniem system\u00f3w BSP. \u0141\u0105czy do\u015bwiadczenie in\u017cynierskie z wiedz\u0105 operacyjn\u0105 zdobyt\u0105 bezpo\u015brednio w warunkach konfliktu.<\/p>\n","protected":false},"excerpt":{"rendered":"<p>Miasto w erze dron\u00f3w: Jak wojna zmienia przestrze\u0144 W trakcie wyst\u0105pienia chcia\u0142bym podzieli\u0107 si\u0119 obserwacjami i przyk\u0142adami z konfliktu na Ukrainie, pokazuj\u0105c, jak atak saturacyjny z u\u017cyciem dron\u00f3w dalekiego zasi\u0119gu i rakiet manewruj\u0105cych wp\u0142ywa na infrastruktur\u0119 miejsk\u0105 \u2013 zar\u00f3wno krytyczn\u0105, jak i mieszkaniow\u0105. Om\u00f3wi\u0119, jak te nowe zagro\u017cenia wymuszaj\u0105 przekszta\u0142cenia w rozmieszczeniu system\u00f3w obrony powietrznej &hellip; <a href=\"https:\/\/mazowiecka.iarp.pl\/?page_id=6516\" class=\"more-link\">Czytaj dalej <span class=\"screen-reader-text\">Tomasz Darmoli\u0144ski<\/span> <span class=\"meta-nav\">&rarr;<\/span><\/a><\/p>\n","protected":false},"author":1,"featured_media":0,"parent":0,"menu_order":0,"comment_status":"closed","ping_status":"closed","template":"","meta":{"footnotes":""},"class_list":["post-6516","page","type-page","status-publish","hentry"],"publishpress_future_action":{"enabled":false,"date":"2026-04-28 12:19:59","action":"change-status","newStatus":"draft","terms":[],"taxonomy":"","extraData":[]},"publishpress_future_workflow_manual_trigger":{"enabledWorkflows":[]},"_links":{"self":[{"href":"https:\/\/mazowiecka.iarp.pl\/index.php?rest_route=\/wp\/v2\/pages\/6516","targetHints":{"allow":["GET"]}}],"collection":[{"href":"https:\/\/mazowiecka.iarp.pl\/index.php?rest_route=\/wp\/v2\/pages"}],"about":[{"href":"https:\/\/mazowiecka.iarp.pl\/index.php?rest_route=\/wp\/v2\/types\/page"}],"author":[{"embeddable":true,"href":"https:\/\/mazowiecka.iarp.pl\/index.php?rest_route=\/wp\/v2\/users\/1"}],"replies":[{"embeddable":true,"href":"https:\/\/mazowiecka.iarp.pl\/index.php?rest_route=%2Fwp%2Fv2%2Fcomments&post=6516"}],"version-history":[{"count":2,"href":"https:\/\/mazowiecka.iarp.pl\/index.php?rest_route=\/wp\/v2\/pages\/6516\/revisions"}],"predecessor-version":[{"id":6520,"href":"https:\/\/mazowiecka.iarp.pl\/index.php?rest_route=\/wp\/v2\/pages\/6516\/revisions\/6520"}],"wp:attachment":[{"href":"https:\/\/mazowiecka.iarp.pl\/index.php?rest_route=%2Fwp%2Fv2%2Fmedia&parent=6516"}],"curies":[{"name":"wp","href":"https:\/\/api.w.org\/{rel}","templated":true}]}}