{"id":6525,"date":"2025-09-13T09:04:57","date_gmt":"2025-09-13T09:04:57","guid":{"rendered":"https:\/\/mazowiecka.iarp.pl\/?page_id=6525"},"modified":"2025-09-14T11:33:36","modified_gmt":"2025-09-14T11:33:36","slug":"dr-wojciech-wroblewski","status":"publish","type":"page","link":"https:\/\/mazowiecka.iarp.pl\/?page_id=6525","title":{"rendered":"dr Wojciech Wr\u00f3blewski"},"content":{"rendered":"<p>&nbsp;<\/p>\n<p><a href=\"https:\/\/mazowiecka.iarp.pl\/wp-content\/uploads\/2025\/09\/Wroblewski_m.jpg\"><img loading=\"lazy\" decoding=\"async\" class=\"size-full wp-image-6526 aligncenter\" src=\"https:\/\/mazowiecka.iarp.pl\/wp-content\/uploads\/2025\/09\/Wroblewski_m.jpg\" alt=\"\" width=\"523\" height=\"523\" \/><\/a><\/p>\n<h3>Zagro\u017cenia i dzia\u0142ania hybrydowe w kontek\u015bcie infrastruktury krytycznej miasta<\/h3>\n<p>&nbsp;<\/p>\n<p><strong>Wojciech Wr\u00f3blewski,<\/strong> doktor nauk spo\u0142ecznych w dyscyplinie nauki o obronno\u015bci \u2013 stopie\u0144 nadany w Akademii Obrony Narodowej<\/p>\n<p>Posiada 6-letnie do\u015bwiadczenie badawczo-dydaktyczne w\u00a0obszarze przygotowania operacyjnego w\u00a0ochronie ludno\u015bci, dzia\u0142a\u0144 antyterrorystycznych, cyberbezpiecze\u0144stwa oraz\u00a0in\u017cynierii bezpiecze\u0144stwa. Jest autorem wielu publikacji naukowych po\u015bwi\u0119conych tym zagadnieniom. Uczestniczy jako panelista, ekspert oraz\u00a0cz\u0142onek rad i\u00a0komitet\u00f3w naukowych w\u00a0krajowych i\u00a0mi\u0119dzynarodowych konferencjach oraz\u00a0kongresach dotycz\u0105cych ochrony ludno\u015bci, konflikt\u00f3w zbrojnych i\u00a0wojen, zagro\u017ce\u0144 hybrydowych, dzia\u0142a\u0144 antyterrorystycznych, katastrof oraz\u00a0bezpiecze\u0144stwa wewn\u0119trznego. Pe\u0142ni funkcj\u0119 cz\u0142onka Rady Dyscypliny Naukowej Nauki o\u00a0Bezpiecze\u0144stwie oraz\u00a0Rady Wydawniczej Akademii Po\u017carniczej. Tworzy i\u00a0kieruje studiami podyplomowymi \u201eZarz\u0105dzanie Cyberbezpiecze\u0144stwem w\u00a0sektorze publicznym\u201d, realizowanymi we\u00a0wsp\u00f3\u0142pracy z\u00a0wiod\u0105cymi instytucjami publicznymi. Kierowa\u0142 zespo\u0142em w\u00a0ramach projektu SAFECARE \u2013 Zintegrowany system ochrony s\u0142u\u017cb medycznych w\u00a0przestrzeni cyfrowej i\u00a0fizycznej. W\u00a02024 roku otrzyma\u0142 wyr\u00f3\u017cnienie Ministra w\u0142a\u015bciwego ds.\u00a0Informatyzacji za\u00a0opiek\u0119 naukow\u0105 nad\u00a0specjalnie wyr\u00f3\u017cnion\u0105 prac\u0105 uznan\u0105 za\u00a0najlepsz\u0105 w\u00a0kategorii informatyzacji administracji publicznej. Posiada do\u015bwiadczenie praktyczne w\u00a0reagowaniu kryzysowym, zdobyte podczas dzia\u0142a\u0144 z\u00a0zakresu pomocy humanitarnej w\u00a0trakcie powodzi w\u00a02024 roku oraz\u00a0pomocy humanitarnej w\u00a0regionach konflikt\u00f3w zbrojnych. Uczestnik\u00a0Certified Security Management Professional CSMP\u00ae Level 6 Accredited Diploma.\u00a0Jest aktywnym cz\u0142onkiem Zespo\u0142u ds.\u00a0wdro\u017cenia przepis\u00f3w projektowanej ustawy o\u00a0ochronie ludno\u015bci i\u00a0obronie cywilnej powo\u0142anego w\u00a0Akademii Po\u017carniczej oraz\u00a0pe\u0142ni funkcj\u0119 redaktora portalu o\u00a0ochronie ludno\u015bci prowadzonego przez\u00a0Akademi\u0119.<\/p>\n<p><b>Zainteresowanie zawodowe<\/b><\/p>\n<p>Zarz\u0105dzanie kryzysowe, zagro\u017cenia i\u00a0wojny hybrydowe, ochrona ludno\u015bci, odporno\u015b\u0107 spo\u0142eczna, zagro\u017cenia terrorystyczne, cyberbezpiecze\u0144stwo, Artificial Intelligence w\u00a0bezpiecze\u0144stwie.<\/p>\n","protected":false},"excerpt":{"rendered":"<p>&nbsp; Zagro\u017cenia i dzia\u0142ania hybrydowe w kontek\u015bcie infrastruktury krytycznej miasta &nbsp; Wojciech Wr\u00f3blewski, doktor nauk spo\u0142ecznych w dyscyplinie nauki o obronno\u015bci \u2013 stopie\u0144 nadany w Akademii Obrony Narodowej Posiada 6-letnie do\u015bwiadczenie badawczo-dydaktyczne w\u00a0obszarze przygotowania operacyjnego w\u00a0ochronie ludno\u015bci, dzia\u0142a\u0144 antyterrorystycznych, cyberbezpiecze\u0144stwa oraz\u00a0in\u017cynierii bezpiecze\u0144stwa. Jest autorem wielu publikacji naukowych po\u015bwi\u0119conych tym zagadnieniom. Uczestniczy jako panelista, ekspert oraz\u00a0cz\u0142onek &hellip; <a href=\"https:\/\/mazowiecka.iarp.pl\/?page_id=6525\" class=\"more-link\">Czytaj dalej <span class=\"screen-reader-text\">dr Wojciech Wr\u00f3blewski<\/span> <span class=\"meta-nav\">&rarr;<\/span><\/a><\/p>\n","protected":false},"author":1,"featured_media":0,"parent":0,"menu_order":0,"comment_status":"closed","ping_status":"closed","template":"","meta":{"footnotes":""},"class_list":["post-6525","page","type-page","status-publish","hentry"],"publishpress_future_action":{"enabled":false,"date":"2026-04-28 14:00:43","action":"change-status","newStatus":"draft","terms":[],"taxonomy":"","extraData":[]},"publishpress_future_workflow_manual_trigger":{"enabledWorkflows":[]},"_links":{"self":[{"href":"https:\/\/mazowiecka.iarp.pl\/index.php?rest_route=\/wp\/v2\/pages\/6525","targetHints":{"allow":["GET"]}}],"collection":[{"href":"https:\/\/mazowiecka.iarp.pl\/index.php?rest_route=\/wp\/v2\/pages"}],"about":[{"href":"https:\/\/mazowiecka.iarp.pl\/index.php?rest_route=\/wp\/v2\/types\/page"}],"author":[{"embeddable":true,"href":"https:\/\/mazowiecka.iarp.pl\/index.php?rest_route=\/wp\/v2\/users\/1"}],"replies":[{"embeddable":true,"href":"https:\/\/mazowiecka.iarp.pl\/index.php?rest_route=%2Fwp%2Fv2%2Fcomments&post=6525"}],"version-history":[{"count":3,"href":"https:\/\/mazowiecka.iarp.pl\/index.php?rest_route=\/wp\/v2\/pages\/6525\/revisions"}],"predecessor-version":[{"id":6555,"href":"https:\/\/mazowiecka.iarp.pl\/index.php?rest_route=\/wp\/v2\/pages\/6525\/revisions\/6555"}],"wp:attachment":[{"href":"https:\/\/mazowiecka.iarp.pl\/index.php?rest_route=%2Fwp%2Fv2%2Fmedia&parent=6525"}],"curies":[{"name":"wp","href":"https:\/\/api.w.org\/{rel}","templated":true}]}}